{"id":12,"date":"2024-05-15T11:55:37","date_gmt":"2024-05-15T11:55:37","guid":{"rendered":"https:\/\/boutiquedelma.rkinformatika.online\/?page_id=12"},"modified":"2024-05-20T13:55:44","modified_gmt":"2024-05-20T13:55:44","slug":"galeria","status":"publish","type":"page","link":"https:\/\/boutiquedelma.com\/eus\/galeria\/","title":{"rendered":"Galeria"},"content":{"rendered":"<div data-elementor-type=\"wp-page\" data-elementor-id=\"12\" class=\"elementor elementor-12\" data-elementor-post-type=\"page\">\n\t\t\t\t\t\t<section class=\"elementor-section elementor-top-section elementor-element elementor-element-ba79711 elementor-section-full_width elementor-section-height-default elementor-section-height-default\" data-id=\"ba79711\" data-element_type=\"section\" data-e-type=\"section\" data-settings=\"{&quot;background_background&quot;:&quot;classic&quot;}\">\n\t\t\t\t\t\t<div class=\"elementor-container elementor-column-gap-default\">\n\t\t\t\t\t<div class=\"elementor-column elementor-col-100 elementor-top-column elementor-element elementor-element-9194543\" data-id=\"9194543\" data-element_type=\"column\" data-e-type=\"column\">\n\t\t\t<div class=\"elementor-widget-wrap elementor-element-populated\">\n\t\t\t\t\t\t<div class=\"elementor-element elementor-element-ec116f8 elementor-widget-mobile__width-initial elementor-widget elementor-widget-heading\" data-id=\"ec116f8\" data-element_type=\"widget\" data-e-type=\"widget\" data-widget_type=\"heading.default\">\n\t\t\t\t<div class=\"elementor-widget-container\">\n\t\t\t\t\t<h2 class=\"elementor-heading-title elementor-size-default\">Nuestras Colecciones<\/h2>\t\t\t\t<\/div>\n\t\t\t\t<\/div>\n\t\t\t\t\t<\/div>\n\t\t<\/div>\n\t\t\t\t\t<\/div>\n\t\t<\/section>\n\t\t<div class=\"elementor-element elementor-element-c32ca9a e-flex e-con-boxed e-con e-parent\" data-id=\"c32ca9a\" data-element_type=\"container\" data-e-type=\"container\" data-settings=\"{&quot;background_background&quot;:&quot;classic&quot;}\">\n\t\t\t\t\t<div class=\"e-con-inner\">\n\t\t\t\t<div class=\"elementor-element elementor-element-503205d elementor-widget elementor-widget-gallery\" data-id=\"503205d\" data-element_type=\"widget\" data-e-type=\"widget\" data-settings=\"{&quot;columns&quot;:3,&quot;lazyload&quot;:&quot;yes&quot;,&quot;gallery_layout&quot;:&quot;grid&quot;,&quot;columns_tablet&quot;:2,&quot;columns_mobile&quot;:1,&quot;gap&quot;:{&quot;unit&quot;:&quot;px&quot;,&quot;size&quot;:10,&quot;sizes&quot;:[]},&quot;gap_tablet&quot;:{&quot;unit&quot;:&quot;px&quot;,&quot;size&quot;:10,&quot;sizes&quot;:[]},&quot;gap_mobile&quot;:{&quot;unit&quot;:&quot;px&quot;,&quot;size&quot;:10,&quot;sizes&quot;:[]},&quot;link_to&quot;:&quot;file&quot;,&quot;aspect_ratio&quot;:&quot;3:2&quot;,&quot;overlay_background&quot;:&quot;yes&quot;,&quot;content_hover_animation&quot;:&quot;fade-in&quot;}\" data-widget_type=\"gallery.default\">\n\t\t\t\t<div class=\"elementor-widget-container\">\n\t\t\t\t\t\t\t<div class=\"elementor-gallery__container\">\n\t\t\t\t\t\t\t<a class=\"e-gallery-item elementor-gallery-item elementor-animated-content\" href=\"https:\/\/boutiquedelma.com\/wp-content\/uploads\/2024\/05\/WhatsApp-Image-2024-05-17-at-17.15.41.jpeg\" data-elementor-open-lightbox=\"yes\" data-elementor-lightbox-slideshow=\"503205d\" data-elementor-lightbox-title=\"WhatsApp Image 2024-05-17 at 17.15.41\" data-e-action-hash=\"#elementor-action%3Aaction%3Dlightbox%26settings%3DeyJpZCI6ODA0LCJ1cmwiOiJodHRwczpcL1wvYm91dGlxdWVkZWxtYS5jb21cL3dwLWNvbnRlbnRcL3VwbG9hZHNcLzIwMjRcLzA1XC9XaGF0c0FwcC1JbWFnZS0yMDI0LTA1LTE3LWF0LTE3LjE1LjQxLmpwZWciLCJzbGlkZXNob3ciOiI1MDMyMDVkIn0%3D\">\n\t\t\t\t\t<div class=\"e-gallery-image elementor-gallery-item__image\" data-thumbnail=\"https:\/\/boutiquedelma.com\/wp-content\/uploads\/2024\/05\/WhatsApp-Image-2024-05-17-at-17.15.41.jpeg\" data-width=\"1080\" data-height=\"1920\" aria-label=\"\" role=\"img\" ><\/div>\n\t\t\t\t\t\t\t\t\t\t\t<div class=\"elementor-gallery-item__overlay\"><\/div>\n\t\t\t\t\t\t\t\t\t\t\t\t\t\t<\/a>\n\t\t\t\t\t\t\t<a class=\"e-gallery-item elementor-gallery-item elementor-animated-content\" href=\"https:\/\/boutiquedelma.com\/wp-content\/uploads\/2024\/05\/WhatsApp-Image-2024-05-17-at-17.15.07.jpeg\" data-elementor-open-lightbox=\"yes\" data-elementor-lightbox-slideshow=\"503205d\" data-elementor-lightbox-title=\"WhatsApp Image 2024-05-17 at 17.15.07\" data-e-action-hash=\"#elementor-action%3Aaction%3Dlightbox%26settings%3DeyJpZCI6ODAyLCJ1cmwiOiJodHRwczpcL1wvYm91dGlxdWVkZWxtYS5jb21cL3dwLWNvbnRlbnRcL3VwbG9hZHNcLzIwMjRcLzA1XC9XaGF0c0FwcC1JbWFnZS0yMDI0LTA1LTE3LWF0LTE3LjE1LjA3LmpwZWciLCJzbGlkZXNob3ciOiI1MDMyMDVkIn0%3D\">\n\t\t\t\t\t<div class=\"e-gallery-image elementor-gallery-item__image\" data-thumbnail=\"https:\/\/boutiquedelma.com\/wp-content\/uploads\/2024\/05\/WhatsApp-Image-2024-05-17-at-17.15.07.jpeg\" data-width=\"2048\" data-height=\"1536\" aria-label=\"\" role=\"img\" ><\/div>\n\t\t\t\t\t\t\t\t\t\t\t<div class=\"elementor-gallery-item__overlay\"><\/div>\n\t\t\t\t\t\t\t\t\t\t\t\t\t\t<\/a>\n\t\t\t\t\t\t\t<a class=\"e-gallery-item elementor-gallery-item elementor-animated-content\" href=\"https:\/\/boutiquedelma.com\/wp-content\/uploads\/2024\/05\/WhatsApp-Image-2024-05-17-at-17.15.07-1.jpeg\" data-elementor-open-lightbox=\"yes\" data-elementor-lightbox-slideshow=\"503205d\" data-elementor-lightbox-title=\"WhatsApp Image 2024-05-17 at 17.15.07 (1)\" data-e-action-hash=\"#elementor-action%3Aaction%3Dlightbox%26settings%3DeyJpZCI6ODAzLCJ1cmwiOiJodHRwczpcL1wvYm91dGlxdWVkZWxtYS5jb21cL3dwLWNvbnRlbnRcL3VwbG9hZHNcLzIwMjRcLzA1XC9XaGF0c0FwcC1JbWFnZS0yMDI0LTA1LTE3LWF0LTE3LjE1LjA3LTEuanBlZyIsInNsaWRlc2hvdyI6IjUwMzIwNWQifQ%3D%3D\">\n\t\t\t\t\t<div class=\"e-gallery-image elementor-gallery-item__image\" data-thumbnail=\"https:\/\/boutiquedelma.com\/wp-content\/uploads\/2024\/05\/WhatsApp-Image-2024-05-17-at-17.15.07-1.jpeg\" data-width=\"1536\" data-height=\"2048\" aria-label=\"\" role=\"img\" ><\/div>\n\t\t\t\t\t\t\t\t\t\t\t<div class=\"elementor-gallery-item__overlay\"><\/div>\n\t\t\t\t\t\t\t\t\t\t\t\t\t\t<\/a>\n\t\t\t\t\t\t\t<a class=\"e-gallery-item elementor-gallery-item elementor-animated-content\" href=\"https:\/\/boutiquedelma.com\/wp-content\/uploads\/2024\/05\/Captura-desde-2024-05-16-13-03-36.png\" data-elementor-open-lightbox=\"yes\" data-elementor-lightbox-slideshow=\"503205d\" data-elementor-lightbox-title=\"Captura desde 2024-05-16 13-03-36\" data-e-action-hash=\"#elementor-action%3Aaction%3Dlightbox%26settings%3DeyJpZCI6NjMzLCJ1cmwiOiJodHRwczpcL1wvYm91dGlxdWVkZWxtYS5jb21cL3dwLWNvbnRlbnRcL3VwbG9hZHNcLzIwMjRcLzA1XC9DYXB0dXJhLWRlc2RlLTIwMjQtMDUtMTYtMTMtMDMtMzYucG5nIiwic2xpZGVzaG93IjoiNTAzMjA1ZCJ9\">\n\t\t\t\t\t<div class=\"e-gallery-image elementor-gallery-item__image\" data-thumbnail=\"https:\/\/boutiquedelma.com\/wp-content\/uploads\/2024\/05\/Captura-desde-2024-05-16-13-03-36.png\" data-width=\"721\" data-height=\"910\" aria-label=\"\" role=\"img\" ><\/div>\n\t\t\t\t\t\t\t\t\t\t\t<div class=\"elementor-gallery-item__overlay\"><\/div>\n\t\t\t\t\t\t\t\t\t\t\t\t\t\t<\/a>\n\t\t\t\t\t\t\t<a class=\"e-gallery-item elementor-gallery-item elementor-animated-content\" href=\"https:\/\/boutiquedelma.com\/wp-content\/uploads\/2024\/05\/Captura-desde-2024-05-16-13-06-08.png\" data-elementor-open-lightbox=\"yes\" data-elementor-lightbox-slideshow=\"503205d\" data-elementor-lightbox-title=\"Captura desde 2024-05-16 13-06-08\" data-e-action-hash=\"#elementor-action%3Aaction%3Dlightbox%26settings%3DeyJpZCI6NjM0LCJ1cmwiOiJodHRwczpcL1wvYm91dGlxdWVkZWxtYS5jb21cL3dwLWNvbnRlbnRcL3VwbG9hZHNcLzIwMjRcLzA1XC9DYXB0dXJhLWRlc2RlLTIwMjQtMDUtMTYtMTMtMDYtMDgucG5nIiwic2xpZGVzaG93IjoiNTAzMjA1ZCJ9\">\n\t\t\t\t\t<div class=\"e-gallery-image elementor-gallery-item__image\" data-thumbnail=\"https:\/\/boutiquedelma.com\/wp-content\/uploads\/2024\/05\/Captura-desde-2024-05-16-13-06-08.png\" data-width=\"721\" data-height=\"910\" aria-label=\"\" role=\"img\" ><\/div>\n\t\t\t\t\t\t\t\t\t\t\t<div class=\"elementor-gallery-item__overlay\"><\/div>\n\t\t\t\t\t\t\t\t\t\t\t\t\t\t<\/a>\n\t\t\t\t\t\t\t<a class=\"e-gallery-item elementor-gallery-item elementor-animated-content\" href=\"https:\/\/boutiquedelma.com\/wp-content\/uploads\/2024\/05\/Captura-desde-2024-05-16-13-06-20.png\" data-elementor-open-lightbox=\"yes\" data-elementor-lightbox-slideshow=\"503205d\" data-elementor-lightbox-title=\"Captura desde 2024-05-16 13-06-20\" data-e-action-hash=\"#elementor-action%3Aaction%3Dlightbox%26settings%3DeyJpZCI6NjM1LCJ1cmwiOiJodHRwczpcL1wvYm91dGlxdWVkZWxtYS5jb21cL3dwLWNvbnRlbnRcL3VwbG9hZHNcLzIwMjRcLzA1XC9DYXB0dXJhLWRlc2RlLTIwMjQtMDUtMTYtMTMtMDYtMjAucG5nIiwic2xpZGVzaG93IjoiNTAzMjA1ZCJ9\">\n\t\t\t\t\t<div class=\"e-gallery-image elementor-gallery-item__image\" data-thumbnail=\"https:\/\/boutiquedelma.com\/wp-content\/uploads\/2024\/05\/Captura-desde-2024-05-16-13-06-20.png\" data-width=\"721\" data-height=\"910\" aria-label=\"\" role=\"img\" ><\/div>\n\t\t\t\t\t\t\t\t\t\t\t<div class=\"elementor-gallery-item__overlay\"><\/div>\n\t\t\t\t\t\t\t\t\t\t\t\t\t\t<\/a>\n\t\t\t\t\t\t\t<a class=\"e-gallery-item elementor-gallery-item elementor-animated-content\" href=\"https:\/\/boutiquedelma.com\/wp-content\/uploads\/2024\/05\/Captura-desde-2024-05-16-13-06-33.png\" data-elementor-open-lightbox=\"yes\" data-elementor-lightbox-slideshow=\"503205d\" data-elementor-lightbox-title=\"Captura desde 2024-05-16 13-06-33\" data-e-action-hash=\"#elementor-action%3Aaction%3Dlightbox%26settings%3DeyJpZCI6NjM2LCJ1cmwiOiJodHRwczpcL1wvYm91dGlxdWVkZWxtYS5jb21cL3dwLWNvbnRlbnRcL3VwbG9hZHNcLzIwMjRcLzA1XC9DYXB0dXJhLWRlc2RlLTIwMjQtMDUtMTYtMTMtMDYtMzMucG5nIiwic2xpZGVzaG93IjoiNTAzMjA1ZCJ9\">\n\t\t\t\t\t<div class=\"e-gallery-image elementor-gallery-item__image\" data-thumbnail=\"https:\/\/boutiquedelma.com\/wp-content\/uploads\/2024\/05\/Captura-desde-2024-05-16-13-06-33.png\" data-width=\"721\" data-height=\"910\" aria-label=\"\" role=\"img\" ><\/div>\n\t\t\t\t\t\t\t\t\t\t\t<div class=\"elementor-gallery-item__overlay\"><\/div>\n\t\t\t\t\t\t\t\t\t\t\t\t\t\t<\/a>\n\t\t\t\t\t\t\t<a class=\"e-gallery-item elementor-gallery-item elementor-animated-content\" href=\"https:\/\/boutiquedelma.com\/wp-content\/uploads\/2024\/05\/Captura-desde-2024-05-16-13-06-43.png\" data-elementor-open-lightbox=\"yes\" data-elementor-lightbox-slideshow=\"503205d\" data-elementor-lightbox-title=\"Captura desde 2024-05-16 13-06-43\" data-e-action-hash=\"#elementor-action%3Aaction%3Dlightbox%26settings%3DeyJpZCI6NjM3LCJ1cmwiOiJodHRwczpcL1wvYm91dGlxdWVkZWxtYS5jb21cL3dwLWNvbnRlbnRcL3VwbG9hZHNcLzIwMjRcLzA1XC9DYXB0dXJhLWRlc2RlLTIwMjQtMDUtMTYtMTMtMDYtNDMucG5nIiwic2xpZGVzaG93IjoiNTAzMjA1ZCJ9\">\n\t\t\t\t\t<div class=\"e-gallery-image elementor-gallery-item__image\" data-thumbnail=\"https:\/\/boutiquedelma.com\/wp-content\/uploads\/2024\/05\/Captura-desde-2024-05-16-13-06-43.png\" data-width=\"721\" data-height=\"910\" aria-label=\"\" role=\"img\" ><\/div>\n\t\t\t\t\t\t\t\t\t\t\t<div class=\"elementor-gallery-item__overlay\"><\/div>\n\t\t\t\t\t\t\t\t\t\t\t\t\t\t<\/a>\n\t\t\t\t\t\t\t<a class=\"e-gallery-item elementor-gallery-item elementor-animated-content\" href=\"https:\/\/boutiquedelma.com\/wp-content\/uploads\/2024\/05\/Captura-desde-2024-05-16-13-06-56.png\" data-elementor-open-lightbox=\"yes\" data-elementor-lightbox-slideshow=\"503205d\" data-elementor-lightbox-title=\"Captura desde 2024-05-16 13-06-56\" data-e-action-hash=\"#elementor-action%3Aaction%3Dlightbox%26settings%3DeyJpZCI6NjM4LCJ1cmwiOiJodHRwczpcL1wvYm91dGlxdWVkZWxtYS5jb21cL3dwLWNvbnRlbnRcL3VwbG9hZHNcLzIwMjRcLzA1XC9DYXB0dXJhLWRlc2RlLTIwMjQtMDUtMTYtMTMtMDYtNTYucG5nIiwic2xpZGVzaG93IjoiNTAzMjA1ZCJ9\">\n\t\t\t\t\t<div class=\"e-gallery-image elementor-gallery-item__image\" data-thumbnail=\"https:\/\/boutiquedelma.com\/wp-content\/uploads\/2024\/05\/Captura-desde-2024-05-16-13-06-56.png\" data-width=\"721\" data-height=\"910\" aria-label=\"\" role=\"img\" ><\/div>\n\t\t\t\t\t\t\t\t\t\t\t<div class=\"elementor-gallery-item__overlay\"><\/div>\n\t\t\t\t\t\t\t\t\t\t\t\t\t\t<\/a>\n\t\t\t\t\t\t\t<a class=\"e-gallery-item elementor-gallery-item elementor-animated-content\" href=\"https:\/\/boutiquedelma.com\/wp-content\/uploads\/2024\/05\/Captura-desde-2024-05-16-13-07-07.png\" data-elementor-open-lightbox=\"yes\" data-elementor-lightbox-slideshow=\"503205d\" data-elementor-lightbox-title=\"Captura desde 2024-05-16 13-07-07\" data-e-action-hash=\"#elementor-action%3Aaction%3Dlightbox%26settings%3DeyJpZCI6NjM5LCJ1cmwiOiJodHRwczpcL1wvYm91dGlxdWVkZWxtYS5jb21cL3dwLWNvbnRlbnRcL3VwbG9hZHNcLzIwMjRcLzA1XC9DYXB0dXJhLWRlc2RlLTIwMjQtMDUtMTYtMTMtMDctMDcucG5nIiwic2xpZGVzaG93IjoiNTAzMjA1ZCJ9\">\n\t\t\t\t\t<div class=\"e-gallery-image elementor-gallery-item__image\" data-thumbnail=\"https:\/\/boutiquedelma.com\/wp-content\/uploads\/2024\/05\/Captura-desde-2024-05-16-13-07-07.png\" data-width=\"721\" data-height=\"910\" aria-label=\"\" role=\"img\" ><\/div>\n\t\t\t\t\t\t\t\t\t\t\t<div class=\"elementor-gallery-item__overlay\"><\/div>\n\t\t\t\t\t\t\t\t\t\t\t\t\t\t<\/a>\n\t\t\t\t\t\t\t<a class=\"e-gallery-item elementor-gallery-item elementor-animated-content\" href=\"https:\/\/boutiquedelma.com\/wp-content\/uploads\/2024\/05\/Captura-desde-2024-05-16-13-07-20.png\" data-elementor-open-lightbox=\"yes\" data-elementor-lightbox-slideshow=\"503205d\" data-elementor-lightbox-title=\"Captura desde 2024-05-16 13-07-20\" data-e-action-hash=\"#elementor-action%3Aaction%3Dlightbox%26settings%3DeyJpZCI6NjQwLCJ1cmwiOiJodHRwczpcL1wvYm91dGlxdWVkZWxtYS5jb21cL3dwLWNvbnRlbnRcL3VwbG9hZHNcLzIwMjRcLzA1XC9DYXB0dXJhLWRlc2RlLTIwMjQtMDUtMTYtMTMtMDctMjAucG5nIiwic2xpZGVzaG93IjoiNTAzMjA1ZCJ9\">\n\t\t\t\t\t<div class=\"e-gallery-image elementor-gallery-item__image\" data-thumbnail=\"https:\/\/boutiquedelma.com\/wp-content\/uploads\/2024\/05\/Captura-desde-2024-05-16-13-07-20.png\" data-width=\"721\" data-height=\"910\" aria-label=\"\" role=\"img\" ><\/div>\n\t\t\t\t\t\t\t\t\t\t\t<div class=\"elementor-gallery-item__overlay\"><\/div>\n\t\t\t\t\t\t\t\t\t\t\t\t\t\t<\/a>\n\t\t\t\t\t\t\t<a class=\"e-gallery-item elementor-gallery-item elementor-animated-content\" href=\"https:\/\/boutiquedelma.com\/wp-content\/uploads\/2024\/05\/Captura-desde-2024-05-16-13-07-31.png\" data-elementor-open-lightbox=\"yes\" data-elementor-lightbox-slideshow=\"503205d\" data-elementor-lightbox-title=\"Captura desde 2024-05-16 13-07-31\" data-e-action-hash=\"#elementor-action%3Aaction%3Dlightbox%26settings%3DeyJpZCI6NjQxLCJ1cmwiOiJodHRwczpcL1wvYm91dGlxdWVkZWxtYS5jb21cL3dwLWNvbnRlbnRcL3VwbG9hZHNcLzIwMjRcLzA1XC9DYXB0dXJhLWRlc2RlLTIwMjQtMDUtMTYtMTMtMDctMzEucG5nIiwic2xpZGVzaG93IjoiNTAzMjA1ZCJ9\">\n\t\t\t\t\t<div class=\"e-gallery-image elementor-gallery-item__image\" data-thumbnail=\"https:\/\/boutiquedelma.com\/wp-content\/uploads\/2024\/05\/Captura-desde-2024-05-16-13-07-31.png\" data-width=\"721\" data-height=\"910\" aria-label=\"\" role=\"img\" ><\/div>\n\t\t\t\t\t\t\t\t\t\t\t<div class=\"elementor-gallery-item__overlay\"><\/div>\n\t\t\t\t\t\t\t\t\t\t\t\t\t\t<\/a>\n\t\t\t\t\t\t\t<a class=\"e-gallery-item elementor-gallery-item elementor-animated-content\" href=\"https:\/\/boutiquedelma.com\/wp-content\/uploads\/2024\/05\/Captura-desde-2024-05-16-13-07-42.png\" data-elementor-open-lightbox=\"yes\" data-elementor-lightbox-slideshow=\"503205d\" data-elementor-lightbox-title=\"Captura desde 2024-05-16 13-07-42\" data-e-action-hash=\"#elementor-action%3Aaction%3Dlightbox%26settings%3DeyJpZCI6NjQyLCJ1cmwiOiJodHRwczpcL1wvYm91dGlxdWVkZWxtYS5jb21cL3dwLWNvbnRlbnRcL3VwbG9hZHNcLzIwMjRcLzA1XC9DYXB0dXJhLWRlc2RlLTIwMjQtMDUtMTYtMTMtMDctNDIucG5nIiwic2xpZGVzaG93IjoiNTAzMjA1ZCJ9\">\n\t\t\t\t\t<div class=\"e-gallery-image elementor-gallery-item__image\" data-thumbnail=\"https:\/\/boutiquedelma.com\/wp-content\/uploads\/2024\/05\/Captura-desde-2024-05-16-13-07-42.png\" data-width=\"721\" data-height=\"910\" aria-label=\"\" role=\"img\" ><\/div>\n\t\t\t\t\t\t\t\t\t\t\t<div class=\"elementor-gallery-item__overlay\"><\/div>\n\t\t\t\t\t\t\t\t\t\t\t\t\t\t<\/a>\n\t\t\t\t\t\t\t<a class=\"e-gallery-item elementor-gallery-item elementor-animated-content\" href=\"https:\/\/boutiquedelma.com\/wp-content\/uploads\/2024\/05\/Captura-desde-2024-05-16-13-07-53.png\" data-elementor-open-lightbox=\"yes\" data-elementor-lightbox-slideshow=\"503205d\" data-elementor-lightbox-title=\"Captura desde 2024-05-16 13-07-53\" data-e-action-hash=\"#elementor-action%3Aaction%3Dlightbox%26settings%3DeyJpZCI6NjQzLCJ1cmwiOiJodHRwczpcL1wvYm91dGlxdWVkZWxtYS5jb21cL3dwLWNvbnRlbnRcL3VwbG9hZHNcLzIwMjRcLzA1XC9DYXB0dXJhLWRlc2RlLTIwMjQtMDUtMTYtMTMtMDctNTMucG5nIiwic2xpZGVzaG93IjoiNTAzMjA1ZCJ9\">\n\t\t\t\t\t<div class=\"e-gallery-image elementor-gallery-item__image\" data-thumbnail=\"https:\/\/boutiquedelma.com\/wp-content\/uploads\/2024\/05\/Captura-desde-2024-05-16-13-07-53.png\" data-width=\"721\" data-height=\"910\" aria-label=\"\" role=\"img\" ><\/div>\n\t\t\t\t\t\t\t\t\t\t\t<div class=\"elementor-gallery-item__overlay\"><\/div>\n\t\t\t\t\t\t\t\t\t\t\t\t\t\t<\/a>\n\t\t\t\t\t\t\t<a class=\"e-gallery-item elementor-gallery-item elementor-animated-content\" href=\"https:\/\/boutiquedelma.com\/wp-content\/uploads\/2024\/05\/Captura-desde-2024-05-16-13-08-19.png\" data-elementor-open-lightbox=\"yes\" data-elementor-lightbox-slideshow=\"503205d\" data-elementor-lightbox-title=\"Captura desde 2024-05-16 13-08-19\" data-e-action-hash=\"#elementor-action%3Aaction%3Dlightbox%26settings%3DeyJpZCI6NjQ0LCJ1cmwiOiJodHRwczpcL1wvYm91dGlxdWVkZWxtYS5jb21cL3dwLWNvbnRlbnRcL3VwbG9hZHNcLzIwMjRcLzA1XC9DYXB0dXJhLWRlc2RlLTIwMjQtMDUtMTYtMTMtMDgtMTkucG5nIiwic2xpZGVzaG93IjoiNTAzMjA1ZCJ9\">\n\t\t\t\t\t<div class=\"e-gallery-image elementor-gallery-item__image\" data-thumbnail=\"https:\/\/boutiquedelma.com\/wp-content\/uploads\/2024\/05\/Captura-desde-2024-05-16-13-08-19.png\" data-width=\"721\" data-height=\"910\" aria-label=\"\" role=\"img\" ><\/div>\n\t\t\t\t\t\t\t\t\t\t\t<div class=\"elementor-gallery-item__overlay\"><\/div>\n\t\t\t\t\t\t\t\t\t\t\t\t\t\t<\/a>\n\t\t\t\t\t\t\t<a class=\"e-gallery-item elementor-gallery-item elementor-animated-content\" href=\"https:\/\/boutiquedelma.com\/wp-content\/uploads\/2024\/05\/Captura-desde-2024-05-16-13-08-41.png\" data-elementor-open-lightbox=\"yes\" data-elementor-lightbox-slideshow=\"503205d\" data-elementor-lightbox-title=\"Captura desde 2024-05-16 13-08-41\" data-e-action-hash=\"#elementor-action%3Aaction%3Dlightbox%26settings%3DeyJpZCI6NjQ1LCJ1cmwiOiJodHRwczpcL1wvYm91dGlxdWVkZWxtYS5jb21cL3dwLWNvbnRlbnRcL3VwbG9hZHNcLzIwMjRcLzA1XC9DYXB0dXJhLWRlc2RlLTIwMjQtMDUtMTYtMTMtMDgtNDEucG5nIiwic2xpZGVzaG93IjoiNTAzMjA1ZCJ9\">\n\t\t\t\t\t<div class=\"e-gallery-image elementor-gallery-item__image\" data-thumbnail=\"https:\/\/boutiquedelma.com\/wp-content\/uploads\/2024\/05\/Captura-desde-2024-05-16-13-08-41.png\" data-width=\"721\" data-height=\"910\" aria-label=\"\" role=\"img\" ><\/div>\n\t\t\t\t\t\t\t\t\t\t\t<div class=\"elementor-gallery-item__overlay\"><\/div>\n\t\t\t\t\t\t\t\t\t\t\t\t\t\t<\/a>\n\t\t\t\t\t<\/div>\n\t\t\t\t\t<\/div>\n\t\t\t\t<\/div>\n\t\t\t\t\t<\/div>\n\t\t\t\t<\/div>\n\t\t\t\t<\/div>","protected":false},"excerpt":{"rendered":"<p>Nuestras Colecciones<\/p>","protected":false},"author":1,"featured_media":0,"parent":0,"menu_order":0,"comment_status":"closed","ping_status":"closed","template":"elementor_canvas","meta":{"footnotes":""},"class_list":["post-12","page","type-page","status-publish","hentry"],"yoast_head":"<!-- This site is optimized with the Yoast SEO plugin v27.3 - https:\/\/yoast.com\/product\/yoast-seo-wordpress\/ -->\n<title>Galer\u00eda - Boutique Delma<\/title>\n<meta name=\"robots\" content=\"index, follow, max-snippet:-1, max-image-preview:large, max-video-preview:-1\" \/>\n<link rel=\"canonical\" href=\"https:\/\/boutiquedelma.com\/eus\/galeria\/\" \/>\n<meta property=\"og:locale\" content=\"en_US\" \/>\n<meta property=\"og:type\" content=\"article\" \/>\n<meta property=\"og:title\" content=\"Galer\u00eda - Boutique Delma\" \/>\n<meta property=\"og:description\" content=\"Nuestras Colecciones\" \/>\n<meta property=\"og:url\" content=\"https:\/\/boutiquedelma.com\/eus\/galeria\/\" \/>\n<meta property=\"og:site_name\" content=\"Boutique Delma\" \/>\n<meta property=\"article:modified_time\" content=\"2024-05-20T13:55:44+00:00\" \/>\n<meta name=\"twitter:card\" content=\"summary_large_image\" \/>\n<meta name=\"twitter:label1\" content=\"Est. reading time\" \/>\n\t<meta name=\"twitter:data1\" content=\"1 minutua\" \/>\n<script type=\"application\/ld+json\" class=\"yoast-schema-graph\">{\"@context\":\"https:\\\/\\\/schema.org\",\"@graph\":[{\"@type\":\"WebPage\",\"@id\":\"https:\\\/\\\/boutiquedelma.com\\\/galeria\\\/\",\"url\":\"https:\\\/\\\/boutiquedelma.com\\\/galeria\\\/\",\"name\":\"Galer\u00eda - Boutique Delma\",\"isPartOf\":{\"@id\":\"https:\\\/\\\/boutiquedelma.com\\\/#website\"},\"datePublished\":\"2024-05-15T11:55:37+00:00\",\"dateModified\":\"2024-05-20T13:55:44+00:00\",\"breadcrumb\":{\"@id\":\"https:\\\/\\\/boutiquedelma.com\\\/galeria\\\/#breadcrumb\"},\"inLanguage\":\"eu\",\"potentialAction\":[{\"@type\":\"ReadAction\",\"target\":[\"https:\\\/\\\/boutiquedelma.com\\\/galeria\\\/\"]}]},{\"@type\":\"BreadcrumbList\",\"@id\":\"https:\\\/\\\/boutiquedelma.com\\\/galeria\\\/#breadcrumb\",\"itemListElement\":[{\"@type\":\"ListItem\",\"position\":1,\"name\":\"Portada\",\"item\":\"https:\\\/\\\/boutiquedelma.com\\\/\"},{\"@type\":\"ListItem\",\"position\":2,\"name\":\"Galer\u00eda\"}]},{\"@type\":\"WebSite\",\"@id\":\"https:\\\/\\\/boutiquedelma.com\\\/#website\",\"url\":\"https:\\\/\\\/boutiquedelma.com\\\/\",\"name\":\"Boutique Delma\",\"description\":\"Boutique Delma es un peque\u00f1o comercio con muchos a\u00f1os en el sector dedic\u00e1ndonos a la moda.\",\"publisher\":{\"@id\":\"https:\\\/\\\/boutiquedelma.com\\\/#organization\"},\"potentialAction\":[{\"@type\":\"SearchAction\",\"target\":{\"@type\":\"EntryPoint\",\"urlTemplate\":\"https:\\\/\\\/boutiquedelma.com\\\/?s={search_term_string}\"},\"query-input\":{\"@type\":\"PropertyValueSpecification\",\"valueRequired\":true,\"valueName\":\"search_term_string\"}}],\"inLanguage\":\"eu\"},{\"@type\":\"Organization\",\"@id\":\"https:\\\/\\\/boutiquedelma.com\\\/#organization\",\"name\":\"Boutique Delma\",\"url\":\"https:\\\/\\\/boutiquedelma.com\\\/\",\"logo\":{\"@type\":\"ImageObject\",\"inLanguage\":\"eu\",\"@id\":\"https:\\\/\\\/boutiquedelma.com\\\/#\\\/schema\\\/logo\\\/image\\\/\",\"url\":\"https:\\\/\\\/boutiquedelma.com\\\/wp-content\\\/uploads\\\/2024\\\/05\\\/cropped-Tinta_Mesa-de-trabajo-1.png\",\"contentUrl\":\"https:\\\/\\\/boutiquedelma.com\\\/wp-content\\\/uploads\\\/2024\\\/05\\\/cropped-Tinta_Mesa-de-trabajo-1.png\",\"width\":2393,\"height\":1080,\"caption\":\"Boutique Delma\"},\"image\":{\"@id\":\"https:\\\/\\\/boutiquedelma.com\\\/#\\\/schema\\\/logo\\\/image\\\/\"}}]}<\/script>\n<!-- \/ Yoast SEO plugin. -->","yoast_head_json":{"title":"Galer\u00eda - Boutique Delma","robots":{"index":"index","follow":"follow","max-snippet":"max-snippet:-1","max-image-preview":"max-image-preview:large","max-video-preview":"max-video-preview:-1"},"canonical":"https:\/\/boutiquedelma.com\/eus\/galeria\/","og_locale":"en_US","og_type":"article","og_title":"Galer\u00eda - Boutique Delma","og_description":"Nuestras Colecciones","og_url":"https:\/\/boutiquedelma.com\/eus\/galeria\/","og_site_name":"Boutique Delma","article_modified_time":"2024-05-20T13:55:44+00:00","twitter_card":"summary_large_image","twitter_misc":{"Est. reading time":"1 minutua"},"schema":{"@context":"https:\/\/schema.org","@graph":[{"@type":"WebPage","@id":"https:\/\/boutiquedelma.com\/galeria\/","url":"https:\/\/boutiquedelma.com\/galeria\/","name":"Galer\u00eda - Boutique Delma","isPartOf":{"@id":"https:\/\/boutiquedelma.com\/#website"},"datePublished":"2024-05-15T11:55:37+00:00","dateModified":"2024-05-20T13:55:44+00:00","breadcrumb":{"@id":"https:\/\/boutiquedelma.com\/galeria\/#breadcrumb"},"inLanguage":"eu","potentialAction":[{"@type":"ReadAction","target":["https:\/\/boutiquedelma.com\/galeria\/"]}]},{"@type":"BreadcrumbList","@id":"https:\/\/boutiquedelma.com\/galeria\/#breadcrumb","itemListElement":[{"@type":"ListItem","position":1,"name":"Portada","item":"https:\/\/boutiquedelma.com\/"},{"@type":"ListItem","position":2,"name":"Galer\u00eda"}]},{"@type":"WebSite","@id":"https:\/\/boutiquedelma.com\/#website","url":"https:\/\/boutiquedelma.com\/","name":"Boutique Delma","description":"Boutique Delma es un peque\u00f1o comercio con muchos a\u00f1os en el sector dedic\u00e1ndonos a la moda.","publisher":{"@id":"https:\/\/boutiquedelma.com\/#organization"},"potentialAction":[{"@type":"SearchAction","target":{"@type":"EntryPoint","urlTemplate":"https:\/\/boutiquedelma.com\/?s={search_term_string}"},"query-input":{"@type":"PropertyValueSpecification","valueRequired":true,"valueName":"search_term_string"}}],"inLanguage":"eu"},{"@type":"Organization","@id":"https:\/\/boutiquedelma.com\/#organization","name":"Boutique Delma","url":"https:\/\/boutiquedelma.com\/","logo":{"@type":"ImageObject","inLanguage":"eu","@id":"https:\/\/boutiquedelma.com\/#\/schema\/logo\/image\/","url":"https:\/\/boutiquedelma.com\/wp-content\/uploads\/2024\/05\/cropped-Tinta_Mesa-de-trabajo-1.png","contentUrl":"https:\/\/boutiquedelma.com\/wp-content\/uploads\/2024\/05\/cropped-Tinta_Mesa-de-trabajo-1.png","width":2393,"height":1080,"caption":"Boutique Delma"},"image":{"@id":"https:\/\/boutiquedelma.com\/#\/schema\/logo\/image\/"}}]}},"_links":{"self":[{"href":"https:\/\/boutiquedelma.com\/eus\/wp-json\/wp\/v2\/pages\/12","targetHints":{"allow":["GET"]}}],"collection":[{"href":"https:\/\/boutiquedelma.com\/eus\/wp-json\/wp\/v2\/pages"}],"about":[{"href":"https:\/\/boutiquedelma.com\/eus\/wp-json\/wp\/v2\/types\/page"}],"author":[{"embeddable":true,"href":"https:\/\/boutiquedelma.com\/eus\/wp-json\/wp\/v2\/users\/1"}],"replies":[{"embeddable":true,"href":"https:\/\/boutiquedelma.com\/eus\/wp-json\/wp\/v2\/comments?post=12"}],"version-history":[{"count":47,"href":"https:\/\/boutiquedelma.com\/eus\/wp-json\/wp\/v2\/pages\/12\/revisions"}],"predecessor-version":[{"id":808,"href":"https:\/\/boutiquedelma.com\/eus\/wp-json\/wp\/v2\/pages\/12\/revisions\/808"}],"wp:attachment":[{"href":"https:\/\/boutiquedelma.com\/eus\/wp-json\/wp\/v2\/media?parent=12"}],"curies":[{"name":"wp","href":"https:\/\/api.w.org\/{rel}","templated":true}]}}